{"id":2220,"date":"2024-10-28T15:39:08","date_gmt":"2024-10-28T14:39:08","guid":{"rendered":"https:\/\/www.forge-prod.com\/WORDPRESS\/?page_id=2220"},"modified":"2024-10-30T15:40:50","modified_gmt":"2024-10-30T14:40:50","slug":"about","status":"publish","type":"page","link":"https:\/\/www.forge-prod.com\/WORDPRESS\/about\/","title":{"rendered":"A PROPOS"},"content":{"rendered":"\t\t<div data-elementor-type=\"wp-page\" data-elementor-id=\"2220\" class=\"elementor elementor-2220\">\n\t\t\t\t\t\t<section class=\"elementor-section elementor-top-section elementor-element elementor-element-3623c6c elementor-section-boxed elementor-section-height-default elementor-section-height-default\" data-id=\"3623c6c\" data-element_type=\"section\" data-e-type=\"section\">\n\t\t\t\t\t\t<div class=\"elementor-container elementor-column-gap-default\">\n\t\t\t\t\t<div class=\"elementor-column elementor-col-100 elementor-top-column elementor-element elementor-element-90a3285\" data-id=\"90a3285\" data-element_type=\"column\" data-e-type=\"column\">\n\t\t\t<div class=\"elementor-widget-wrap\">\n\t\t\t\t\t\t\t<\/div>\n\t\t<\/div>\n\t\t\t\t\t<\/div>\n\t\t<\/section>\n\t\t\t\t<section class=\"elementor-section elementor-top-section elementor-element elementor-element-7215871 elementor-section-boxed elementor-section-height-default elementor-section-height-default\" data-id=\"7215871\" data-element_type=\"section\" data-e-type=\"section\">\n\t\t\t\t\t\t<div class=\"elementor-container elementor-column-gap-default\">\n\t\t\t\t\t<div class=\"elementor-column elementor-col-100 elementor-top-column elementor-element elementor-element-9307fc0\" data-id=\"9307fc0\" data-element_type=\"column\" data-e-type=\"column\">\n\t\t\t<div class=\"elementor-widget-wrap\">\n\t\t\t\t\t\t\t<\/div>\n\t\t<\/div>\n\t\t\t\t\t<\/div>\n\t\t<\/section>\n\t\t\t\t<section class=\"elementor-section elementor-top-section elementor-element elementor-element-425e700 elementor-section-boxed elementor-section-height-default elementor-section-height-default\" data-id=\"425e700\" data-element_type=\"section\" data-e-type=\"section\">\n\t\t\t\t\t\t<div class=\"elementor-container elementor-column-gap-default\">\n\t\t\t\t\t<div class=\"elementor-column elementor-col-100 elementor-top-column elementor-element elementor-element-b4fc216\" data-id=\"b4fc216\" data-element_type=\"column\" data-e-type=\"column\">\n\t\t\t<div class=\"elementor-widget-wrap\">\n\t\t\t\t\t\t\t<\/div>\n\t\t<\/div>\n\t\t\t\t\t<\/div>\n\t\t<\/section>\n\t\t<div class=\"elementor-element elementor-element-f85b6b4 e-con-full e-flex e-con e-parent\" data-id=\"f85b6b4\" data-element_type=\"container\" data-e-type=\"container\">\n\t\t\t\t<div class=\"elementor-element elementor-element-ccb9368 elementor-widget elementor-widget-heading\" data-id=\"ccb9368\" data-element_type=\"widget\" data-e-type=\"widget\" data-widget_type=\"heading.default\">\n\t\t\t\t<div class=\"elementor-widget-container\">\n\t\t\t\t\t<h2 class=\"elementor-heading-title elementor-size-default\">FORGE<\/h2>\t\t\t\t<\/div>\n\t\t\t\t<\/div>\n\t\t\t\t<div class=\"elementor-element elementor-element-e610e21 elementor-widget elementor-widget-heading\" data-id=\"e610e21\" data-element_type=\"widget\" data-e-type=\"widget\" data-widget_type=\"heading.default\">\n\t\t\t\t<div class=\"elementor-widget-container\">\n\t\t\t\t\t<h2 class=\"elementor-heading-title elementor-size-default\">Artisan digital<\/h2>\t\t\t\t<\/div>\n\t\t\t\t<\/div>\n\t\t\t\t<\/div>\n\t\t<div class=\"elementor-element elementor-element-1823c874 e-flex e-con-boxed e-con e-parent\" data-id=\"1823c874\" data-element_type=\"container\" data-e-type=\"container\" data-settings=\"{&quot;background_background&quot;:&quot;gradient&quot;}\">\n\t\t\t\t\t<div class=\"e-con-inner\">\n\t\t<div class=\"elementor-element elementor-element-4f7a10e6 e-con-full e-flex e-con e-child\" data-id=\"4f7a10e6\" data-element_type=\"container\" data-e-type=\"container\">\n\t\t<div class=\"elementor-element elementor-element-66f8ccdf e-con-full e-flex e-con e-child\" data-id=\"66f8ccdf\" data-element_type=\"container\" data-e-type=\"container\">\n\t\t\t\t<div class=\"elementor-element elementor-element-3e914081 elementor-widget elementor-widget-heading\" data-id=\"3e914081\" data-element_type=\"widget\" data-e-type=\"widget\" data-widget_type=\"heading.default\">\n\t\t\t\t<div class=\"elementor-widget-container\">\n\t\t\t\t\t<h3 class=\"elementor-heading-title elementor-size-default\">Nous cr\u00e9ons<\/h3>\t\t\t\t<\/div>\n\t\t\t\t<\/div>\n\t\t\t\t<div class=\"elementor-element elementor-element-903a63b elementor-widget elementor-widget-image\" data-id=\"903a63b\" data-element_type=\"widget\" data-e-type=\"widget\" data-widget_type=\"image.default\">\n\t\t\t\t<div class=\"elementor-widget-container\">\n\t\t\t\t\t\t\t\t\t\t\t\t\t\t\t<img fetchpriority=\"high\" decoding=\"async\" width=\"800\" height=\"600\" src=\"https:\/\/www.forge-prod.com\/WORDPRESS\/wp-content\/uploads\/2024\/10\/f0ee41337dfa3f70dc7efde8d5f2d940.gif\" class=\"attachment-large size-large wp-image-2809\" alt=\"\" \/>\t\t\t\t\t\t\t\t\t\t\t\t\t\t\t<\/div>\n\t\t\t\t<\/div>\n\t\t\t\t<div class=\"elementor-element elementor-element-40bd362 elementor-widget elementor-widget-heading\" data-id=\"40bd362\" data-element_type=\"widget\" data-e-type=\"widget\" data-widget_type=\"heading.default\">\n\t\t\t\t<div class=\"elementor-widget-container\">\n\t\t\t\t\t<h2 class=\"elementor-heading-title elementor-size-default\"><span style=\"font-family: Montserrat, sans-serif;font-size: 18px;font-style: normal;font-weight: 300\">...du <b>contenu<\/b> : des id\u00e9es, des plans, des images, des story-boards, des conducteurs, des dialogues, des personnages, mais avant tout, des <b>histoires<\/b>. \n<\/span><\/h2>\t\t\t\t<\/div>\n\t\t\t\t<\/div>\n\t\t\t\t<\/div>\n\t\t<div class=\"elementor-element elementor-element-56e5f5fe e-con-full e-flex e-con e-child\" data-id=\"56e5f5fe\" data-element_type=\"container\" data-e-type=\"container\">\n\t\t\t\t<div class=\"elementor-element elementor-element-471a4ad0 elementor-widget elementor-widget-heading\" data-id=\"471a4ad0\" data-element_type=\"widget\" data-e-type=\"widget\" data-widget_type=\"heading.default\">\n\t\t\t\t<div class=\"elementor-widget-container\">\n\t\t\t\t\t<h3 class=\"elementor-heading-title elementor-size-default\">Nous produisons<\/h3>\t\t\t\t<\/div>\n\t\t\t\t<\/div>\n\t\t\t\t<div class=\"elementor-element elementor-element-bd0896b elementor-widget elementor-widget-image\" data-id=\"bd0896b\" data-element_type=\"widget\" data-e-type=\"widget\" data-widget_type=\"image.default\">\n\t\t\t\t<div class=\"elementor-widget-container\">\n\t\t\t\t\t\t\t\t\t\t\t\t\t\t\t<img decoding=\"async\" width=\"500\" height=\"375\" src=\"https:\/\/www.forge-prod.com\/WORDPRESS\/wp-content\/uploads\/2024\/10\/5b01f7e54b5f8741dbdb33dbb31a66b5.gif\" class=\"attachment-large size-large wp-image-2805\" alt=\"\" \/>\t\t\t\t\t\t\t\t\t\t\t\t\t\t\t<\/div>\n\t\t\t\t<\/div>\n\t\t\t\t<div class=\"elementor-element elementor-element-97f60e9 elementor-widget elementor-widget-heading\" data-id=\"97f60e9\" data-element_type=\"widget\" data-e-type=\"widget\" data-widget_type=\"heading.default\">\n\t\t\t\t<div class=\"elementor-widget-container\">\n\t\t\t\t\t<h2 class=\"elementor-heading-title elementor-size-default\"><span style=\"font-family: Montserrat, sans-serif;font-size: 18px;font-style: normal;font-weight: 300\">...des <b>films<\/b> : en studio ou en d\u00e9cor naturel, avec des com\u00e9diens ou des images anim\u00e9es, devant un fond vert ou un ciel bleu. <b>Nous cr\u00e9ons sur mesure.<\/b>\n<\/span><br style=\"font-family: Montserrat, sans-serif;font-size: 18px;font-weight: 300\"><\/h2>\t\t\t\t<\/div>\n\t\t\t\t<\/div>\n\t\t\t\t<\/div>\n\t\t<div class=\"elementor-element elementor-element-218a5a31 e-con-full e-flex e-con e-child\" data-id=\"218a5a31\" data-element_type=\"container\" data-e-type=\"container\">\n\t\t\t\t<div class=\"elementor-element elementor-element-341b30b0 elementor-widget elementor-widget-heading\" data-id=\"341b30b0\" data-element_type=\"widget\" data-e-type=\"widget\" data-widget_type=\"heading.default\">\n\t\t\t\t<div class=\"elementor-widget-container\">\n\t\t\t\t\t<h3 class=\"elementor-heading-title elementor-size-default\">Nous inNovons<\/h3>\t\t\t\t<\/div>\n\t\t\t\t<\/div>\n\t\t\t\t<div class=\"elementor-element elementor-element-ca3e011 elementor-widget elementor-widget-image\" data-id=\"ca3e011\" data-element_type=\"widget\" data-e-type=\"widget\" data-widget_type=\"image.default\">\n\t\t\t\t<div class=\"elementor-widget-container\">\n\t\t\t\t\t\t\t\t\t\t\t\t\t\t\t<img decoding=\"async\" width=\"800\" height=\"600\" src=\"https:\/\/www.forge-prod.com\/WORDPRESS\/wp-content\/uploads\/2024\/10\/ai-artificial-intelligence-human-robot-brain-pon8h9dclo1fl1u2.gif\" class=\"attachment-large size-large wp-image-2801\" alt=\"\" \/>\t\t\t\t\t\t\t\t\t\t\t\t\t\t\t<\/div>\n\t\t\t\t<\/div>\n\t\t\t\t<div class=\"elementor-element elementor-element-d5b984a elementor-widget elementor-widget-heading\" data-id=\"d5b984a\" data-element_type=\"widget\" data-e-type=\"widget\" data-widget_type=\"heading.default\">\n\t\t\t\t<div class=\"elementor-widget-container\">\n\t\t\t\t\t<h2 class=\"elementor-heading-title elementor-size-default\"><span style=\"font-family: Montserrat, sans-serif;font-size: 18px;font-style: normal;font-weight: 300\">Depuis des ann\u00e9es, nous int\u00e9grons <b>l'IA<\/b> dans notre process : cr\u00e9ation de mood, motion &amp; sound design. C'est le meilleur <b>partenaire de vos id\u00e9es.<\/b>\n<\/span><br style=\"font-family: Montserrat, sans-serif;font-size: 18px;font-weight: 300\"><\/h2>\t\t\t\t<\/div>\n\t\t\t\t<\/div>\n\t\t\t\t<\/div>\n\t\t\t\t<\/div>\n\t\t\t\t\t<\/div>\n\t\t\t\t<\/div>\n\t\t<div class=\"elementor-element elementor-element-539081d e-flex e-con-boxed e-con e-parent\" data-id=\"539081d\" data-element_type=\"container\" data-e-type=\"container\">\n\t\t\t\t\t<div class=\"e-con-inner\">\n\t\t\t\t<div class=\"elementor-element elementor-element-2b0f6de elementor-widget elementor-widget-heading\" data-id=\"2b0f6de\" data-element_type=\"widget\" data-e-type=\"widget\" data-widget_type=\"heading.default\">\n\t\t\t\t<div class=\"elementor-widget-container\">\n\t\t\t\t\t<h2 class=\"elementor-heading-title elementor-size-default\">Le copilote de votre imagination<\/h2>\t\t\t\t<\/div>\n\t\t\t\t<\/div>\n\t\t\t\t\t<\/div>\n\t\t\t\t<\/div>\n\t\t<div class=\"elementor-element elementor-element-cc97706 e-flex e-con-boxed e-con e-parent\" data-id=\"cc97706\" data-element_type=\"container\" data-e-type=\"container\">\n\t\t\t\t\t<div class=\"e-con-inner\">\n\t\t\t\t<div class=\"elementor-element elementor-element-76e8ce5 elementor-widget elementor-widget-heading\" data-id=\"76e8ce5\" data-element_type=\"widget\" data-e-type=\"widget\" data-widget_type=\"heading.default\">\n\t\t\t\t<div class=\"elementor-widget-container\">\n\t\t\t\t\t<h2 class=\"elementor-heading-title elementor-size-default\">Vous avez une vision, une id\u00e9e en gestation ou un projet \u00e0 structurer ? Nous sommes \u00e0 vos c\u00f4t\u00e9s d\u00e8s le d\u00e9but pour <b>structurer vos besoins<\/b> en \u00e9pousant votre <b>vision<\/b>. Notre approche : concevoir des <b>univers narratifs et visuels<\/b> \u00e0 forte identit\u00e9, audacieux et immersifs. C\u2019est notre engagement en tant que <b>cr\u00e9atifs.<\/b> \n<\/h2>\t\t\t\t<\/div>\n\t\t\t\t<\/div>\n\t\t\t\t<div class=\"elementor-element elementor-element-ffa4c81 elementor-widget elementor-widget-heading\" data-id=\"ffa4c81\" data-element_type=\"widget\" data-e-type=\"widget\" data-widget_type=\"heading.default\">\n\t\t\t\t<div class=\"elementor-widget-container\">\n\t\t\t\t\t<h2 class=\"elementor-heading-title elementor-size-default\">Mais nous allons plus loin : en tant que <b>producteurs<\/b>, nous donnons corps \u00e0 vos projets de mani\u00e8re int\u00e9gr\u00e9e. Ici, chaque concept prend vie gr\u00e2ce \u00e0 nos <b>\u00e9quipes d\u00e9di\u00e9es<\/b>, r\u00e9unissant les talents n\u00e9cessaires \u00e0 chaque \u00e9tape cl\u00e9 \u2014 pr\u00e9paration, tournage, post-production, effets visuels, motion design, composition musicale, voix-off et sound design.  Nous mettons tout en \u0153uvre pour donner <b>le meilleur impact \u00e0 votre vision.<\/b><\/h2>\t\t\t\t<\/div>\n\t\t\t\t<\/div>\n\t\t\t\t\t<\/div>\n\t\t\t\t<\/div>\n\t\t<div class=\"elementor-element elementor-element-11eb607 e-con-full e-flex e-con e-parent\" data-id=\"11eb607\" data-element_type=\"container\" data-e-type=\"container\">\n\t\t\t\t<div class=\"elementor-element elementor-element-c2d5f3c elementor-widget elementor-widget-plexx_hero\" data-id=\"c2d5f3c\" data-element_type=\"widget\" data-e-type=\"widget\" data-widget_type=\"plexx_hero.default\">\n\t\t\t\t<div class=\"elementor-widget-container\">\n\t\t\t\t\t\n      <div class=\"plexx-hero-title plexx-hero-title plexx-hero-title-center plexx-hero-title force-full-width\">\n\n        <h2><\/h2>\n\n        \n        <div class=\"hero-video-overlay\"><\/div>\n\n        \n        \n                  <iframe class=\"no-fitvids\" src=\"https:\/\/player.vimeo.com\/video\/1024535873?background=1&autoplay=1&loop=1&muted=1\" frameborder=\"0\" allowfullscreen allow=\"autoplay\"><\/iframe>\n          <div class=\"hero-video-background\">\n          <\/div>\n        \n      <\/div>\n\n    \t\t\t\t<\/div>\n\t\t\t\t<\/div>\n\t\t\t\t<\/div>\n\t\t\t\t<\/div>\n\t\t","protected":false},"excerpt":{"rendered":"<p>FORGE Artisan digital Nous cr\u00e9ons &#8230;du contenu : des id\u00e9es, des plans, des images, des story-boards, des conducteurs, des dialogues, des personnages, mais avant tout, des histoires. Nous produisons &#8230;des films : en studio ou en d\u00e9cor naturel, avec des com\u00e9diens ou des images anim\u00e9es, devant un fond vert ou un ciel bleu. Nous cr\u00e9ons [&hellip;]<\/p>\n","protected":false},"author":1,"featured_media":0,"parent":0,"menu_order":0,"comment_status":"closed","ping_status":"closed","template":"templates\/template-fullwidth.php","meta":{"footnotes":""},"class_list":["post-2220","page","type-page","status-publish","hentry"],"acf":[],"_links":{"self":[{"href":"https:\/\/www.forge-prod.com\/WORDPRESS\/wp-json\/wp\/v2\/pages\/2220","targetHints":{"allow":["GET"]}}],"collection":[{"href":"https:\/\/www.forge-prod.com\/WORDPRESS\/wp-json\/wp\/v2\/pages"}],"about":[{"href":"https:\/\/www.forge-prod.com\/WORDPRESS\/wp-json\/wp\/v2\/types\/page"}],"author":[{"embeddable":true,"href":"https:\/\/www.forge-prod.com\/WORDPRESS\/wp-json\/wp\/v2\/users\/1"}],"replies":[{"embeddable":true,"href":"https:\/\/www.forge-prod.com\/WORDPRESS\/wp-json\/wp\/v2\/comments?post=2220"}],"version-history":[{"count":505,"href":"https:\/\/www.forge-prod.com\/WORDPRESS\/wp-json\/wp\/v2\/pages\/2220\/revisions"}],"predecessor-version":[{"id":3468,"href":"https:\/\/www.forge-prod.com\/WORDPRESS\/wp-json\/wp\/v2\/pages\/2220\/revisions\/3468"}],"wp:attachment":[{"href":"https:\/\/www.forge-prod.com\/WORDPRESS\/wp-json\/wp\/v2\/media?parent=2220"}],"curies":[{"name":"wp","href":"https:\/\/api.w.org\/{rel}","templated":true}]}}